{"id":180,"date":"2022-06-07T23:10:42","date_gmt":"2022-06-07T21:10:42","guid":{"rendered":"https:\/\/muzeumwsipolskiej.pl\/?page_id=180"},"modified":"2022-06-08T00:31:10","modified_gmt":"2022-06-07T22:31:10","slug":"strona-glowna","status":"publish","type":"page","link":"https:\/\/muzeumwsipolskiej.pl\/","title":{"rendered":""},"content":{"rendered":"\n<div class=\"wp-block-group alignfull ext editor:no-inserter has-background ext-my-0 ext-py-lg\"><div class=\"wp-block-group__inner-container is-layout-constrained wp-block-group-is-layout-constrained\">\n<div class=\"wp-block-columns alignwide bring-to-front editor:no-inserter tablet:fullwidth-cols ext--mb-base desktop:ext--mb-lg is-layout-flex wp-container-core-columns-is-layout-9d6595d7 wp-block-columns-is-layout-flex\">\n<div class=\"wp-block-column editor:no-inserter editor:pointer-events-none ext-m-0 is-layout-flow wp-block-column-is-layout-flow\" style=\"flex-basis:10%\"><\/div>\n\n\n\n<div class=\"wp-block-column m-0 px-base desktop:px-0 ext-m-0 is-layout-flow wp-block-column-is-layout-flow\" style=\"flex-basis:70%\">\n<h2 class=\"has-text-align-center ext-mt-0 has-yellow-color has-text-color has-ext-xx-large-font-size wp-block-heading\" id=\"designing-a-beautiful-website\">MUZEUM WSI POLSKIEJ<\/h2>\n<\/div>\n\n\n\n<div class=\"wp-block-column editor:no-inserter editor:pointer-events-none ext-m-0 is-layout-flow wp-block-column-is-layout-flow\" style=\"flex-basis:10%\"><\/div>\n<\/div>\n\n\n\n<div class=\"wp-block-columns alignwide editor:no-inserter tablet:fullwidth-cols ext-mt-0 is-layout-flex wp-container-core-columns-is-layout-9d6595d7 wp-block-columns-is-layout-flex\">\n<div class=\"wp-block-column editor:no-inserter ext-my-0 is-layout-flow wp-block-column-is-layout-flow\" style=\"flex-basis:66.66%\">\n<figure class=\"wp-block-image size-large editor:no-caption ext-mb-0\"><img loading=\"lazy\" decoding=\"async\" width=\"683\" height=\"1024\" src=\"https:\/\/muzeumwsipolskiej.pl\/wp-content\/uploads\/2022\/06\/tyrpin_banderoza104-dt-2000Q95-683x1024.jpg\" alt=\"\" class=\"wp-image-120\" srcset=\"https:\/\/muzeumwsipolskiej.pl\/wp-content\/uploads\/2022\/06\/tyrpin_banderoza104-dt-2000Q95-683x1024.jpg 683w, https:\/\/muzeumwsipolskiej.pl\/wp-content\/uploads\/2022\/06\/tyrpin_banderoza104-dt-2000Q95-200x300.jpg 200w, https:\/\/muzeumwsipolskiej.pl\/wp-content\/uploads\/2022\/06\/tyrpin_banderoza104-dt-2000Q95-768x1151.jpg 768w, https:\/\/muzeumwsipolskiej.pl\/wp-content\/uploads\/2022\/06\/tyrpin_banderoza104-dt-2000Q95-1025x1536.jpg 1025w, https:\/\/muzeumwsipolskiej.pl\/wp-content\/uploads\/2022\/06\/tyrpin_banderoza104-dt-2000Q95.jpg 1334w\" sizes=\"auto, (max-width: 683px) 100vw, 683px\" \/><\/figure>\n<\/div>\n\n\n\n<div class=\"wp-block-column is-vertically-aligned-center ext-mt-lg ext-ml-0 tablet:ext-ml-base tablet:ext-mt-0 is-layout-flow wp-block-column-is-layout-flow\" style=\"flex-basis:33.33%\">\n<h2 class=\"ext-mt-0 has-ext-large-font-size ext-mb-0 wp-block-heading\" id=\"a-small-heading\">Ocali\u0107 od zapomnienia dla potomnych<\/h2>\n\n\n\n<p class=\"has-text-align-left has-medium-font-size ext-mt-base ext-mb-0\">Witamy w miejscu, gdzie mo\u017cna przenie\u015b\u0107 si\u0119 w przesz\u0142o\u015b\u0107 do starej polskiej wsi. Wsi, w kt\u00f3rej t\u0119tni\u0142o \u017cycie. Poznaj zwyczaje tamtych czas\u00f3w, narz\u0119dzia codziennego u\u017cytku. Poznaj jak wygl\u0105da\u0142y w tamtych czasach takie dziedziny jak rzemie\u015blnictwo, kowalstwo, tkactwo, rymarstwo, ku\u015bnierstwo i wiele innych.<\/p>\n\n\n\n<div class=\"wp-block-buttons ext-mt-base is-layout-flex wp-block-buttons-is-layout-flex\"><\/div>\n<\/div>\n<\/div>\n<\/div><\/div>\n\n\n\n<div class=\"wp-block-group alignfull ext ext-p-0 ext-my-0\"><div class=\"wp-block-group__inner-container is-layout-constrained wp-block-group-is-layout-constrained\">\n<div class=\"is-light is-style-default editor:no-inserter ext-p-base desktop:ext-p-lg wp-block-cover alignfull has-parallax has-custom-content-position is-position-top-left preview:min-h-80\" style=\"background-image:url(https:\/\/muzeumwsipolskiej.pl\/wp-content\/uploads\/2022\/06\/tyrpin_banderoza115-dt-2000Q95.jpg);min-height:826px;aspect-ratio:unset;\"><span aria-hidden=\"true\" class=\"wp-block-cover__background has-black-background-color has-background-dim-60 has-background-dim\"><\/span><div class=\"wp-block-cover__inner-container is-layout-flow wp-block-cover-is-layout-flow\">\n<div class=\"wp-block-group editor:no-inserter\"><div class=\"wp-block-group__inner-container is-layout-constrained wp-block-group-is-layout-constrained\">\n<div class=\"wp-block-group editor:no-inserter ext-p-base\"><div class=\"wp-block-group__inner-container is-layout-flow wp-block-group-is-layout-flow\">\n<h2 class=\"alignwide has-text-align-left has-text-color has-ext-x-large-font-size ext-mt-0 wp-block-heading\" id=\"whatever-it-is-the-way-you-tell-your-story-online-can-make-all-the-difference\" style=\"color:#ffffff\">Miejsce spotka\u0144<\/h2>\n\n\n\n<h2 class=\"has-text-color has-ext-large-font-size ext-mt-base ext-mb-0 wp-block-heading\" id=\"vestibulum-id-ligula-porta-felis-euismod-semper-nullam-quis-risus-eget-urna-mollis-ornare-velo\" style=\"color:#ffffff;font-style:normal;font-weight:300\">Zapraszamy do odwiedzin. Zorganizuj spotkanie integracyjne, zwiedzanie dla dzieci i m\u0142odzie\u017cy, spotkania edukacyjne. <\/h2>\n<\/div><\/div>\n<\/div><\/div>\n<\/div><\/div>\n\n\n\n<figure class=\"wp-block-pullquote has-gray-dark-color has-text-color has-medium-font-size\" style=\"font-style:italic;font-weight:100\"><blockquote><p><strong>Ka\u017cdy lud mo\u017ce \u017cy\u0107 i rozwija\u0107 si\u0119 tylko dot\u0105d, dok\u0105d zna i mi\u0142uje swoj\u0105 przesz\u0142o\u015b\u0107&#8230; <\/strong><\/p><p><strong>Ginie, gdy traci dla niej szacunek.<\/strong><\/p><cite>Seneka<\/cite><\/blockquote><\/figure>\n<\/div><\/div>\n\n\n\n<div class=\"wp-block-group alignfull ext ext-p-0 ext-my-0\"><div class=\"wp-block-group__inner-container is-layout-constrained wp-block-group-is-layout-constrained\">\n<div class=\"is-light is-style-default editor:no-inserter ext-p-base desktop:ext-p-lg wp-block-cover alignfull has-parallax has-custom-content-position is-position-top-left preview:min-h-80\" style=\"background-image:url(https:\/\/muzeumwsipolskiej.pl\/wp-content\/uploads\/2022\/06\/tyrpin_banderoza088-dt-2000Q95.jpg);min-height:80vh;aspect-ratio:unset;\"><span aria-hidden=\"true\" class=\"wp-block-cover__background has-black-background-color has-background-dim-60 has-background-dim\"><\/span><div class=\"wp-block-cover__inner-container is-layout-flow wp-block-cover-is-layout-flow\">\n<div class=\"wp-block-group editor:no-inserter\"><div class=\"wp-block-group__inner-container is-layout-constrained wp-block-group-is-layout-constrained\">\n<div class=\"wp-block-group editor:no-inserter ext-p-base\"><div class=\"wp-block-group__inner-container is-layout-flow wp-block-group-is-layout-flow\">\n<h2 class=\"alignwide has-text-align-left has-text-color has-ext-x-large-font-size ext-mt-0 wp-block-heading\" id=\"whatever-it-is-the-way-you-tell-your-story-online-can-make-all-the-difference\" style=\"color:#ffffff\">Rozgo\u015b\u0107 si\u0119<\/h2>\n\n\n\n<h2 class=\"has-text-color has-ext-large-font-size ext-mt-base ext-mb-0 wp-block-heading\" id=\"vestibulum-id-ligula-porta-felis-euismod-semper-nullam-quis-risus-eget-urna-mollis-ornare-velo\" style=\"color:#ffffff;font-style:normal;font-weight:300\">Dotknij przesz\u0142o\u015bci i je\u015bli chcesz ocali\u0107 od zapomnienia pami\u0105tk\u0119 z przesz\u0142o\u015bci &#8211; umie\u015b\u0107 j\u0105 w tym muzeum. Jest to miejsce tworzone przez ka\u017cdego i udost\u0119pnione dla ka\u017cdego bezp\u0142atnie.<\/h2>\n<\/div><\/div>\n<\/div><\/div>\n<\/div><\/div>\n<\/div><\/div>\n\n\n\n<div class=\"wp-block-group alignfull ext editor:no-inserter ext-p-lg\"><div class=\"wp-block-group__inner-container is-layout-constrained wp-block-group-is-layout-constrained\">\n<div class=\"wp-block-columns alignwide is-not-stacked-on-mobile editor:no-inserter ext-flex ext-flex-nowrap ext-mt-0 ext-mb-0 is-layout-flex wp-container-core-columns-is-layout-9d6595d7 wp-block-columns-is-layout-flex\">\n<div class=\"wp-block-column is-vertically-aligned-bottom editor:no-inserter is-layout-flow wp-block-column-is-layout-flow\">\n<figure class=\"wp-block-image size-large editor:no-caption ext-mb-0 ext-mt-lg\"><a href=\"https:\/\/muzeumwsipolskiej.pl\/wp-content\/uploads\/2022\/06\/tyrpin_banderoza095-dt-2000Q95.jpg\"><img loading=\"lazy\" decoding=\"async\" width=\"683\" height=\"1024\" src=\"https:\/\/muzeumwsipolskiej.pl\/wp-content\/uploads\/2022\/06\/tyrpin_banderoza095-dt-2000Q95-683x1024.jpg\" alt=\"\" class=\"wp-image-111\" srcset=\"https:\/\/muzeumwsipolskiej.pl\/wp-content\/uploads\/2022\/06\/tyrpin_banderoza095-dt-2000Q95-683x1024.jpg 683w, https:\/\/muzeumwsipolskiej.pl\/wp-content\/uploads\/2022\/06\/tyrpin_banderoza095-dt-2000Q95-200x300.jpg 200w, https:\/\/muzeumwsipolskiej.pl\/wp-content\/uploads\/2022\/06\/tyrpin_banderoza095-dt-2000Q95-768x1151.jpg 768w, https:\/\/muzeumwsipolskiej.pl\/wp-content\/uploads\/2022\/06\/tyrpin_banderoza095-dt-2000Q95-1025x1536.jpg 1025w, https:\/\/muzeumwsipolskiej.pl\/wp-content\/uploads\/2022\/06\/tyrpin_banderoza095-dt-2000Q95.jpg 1334w\" sizes=\"auto, (max-width: 683px) 100vw, 683px\" \/><\/a><\/figure>\n<\/div>\n\n\n\n<div class=\"wp-block-column is-vertically-aligned-center editor:no-inserter ext--ml-base is-layout-flow wp-block-column-is-layout-flow\">\n<figure class=\"wp-block-image size-large editor:no-caption ext-mb-0\"><a href=\"https:\/\/muzeumwsipolskiej.pl\/wp-content\/uploads\/2022\/06\/tyrpin_banderoza011-dt-2000Q95.jpg\"><img loading=\"lazy\" decoding=\"async\" width=\"683\" height=\"1024\" src=\"https:\/\/muzeumwsipolskiej.pl\/wp-content\/uploads\/2022\/06\/tyrpin_banderoza011-dt-2000Q95-683x1024.jpg\" alt=\"\" class=\"wp-image-20\" srcset=\"https:\/\/muzeumwsipolskiej.pl\/wp-content\/uploads\/2022\/06\/tyrpin_banderoza011-dt-2000Q95-683x1024.jpg 683w, https:\/\/muzeumwsipolskiej.pl\/wp-content\/uploads\/2022\/06\/tyrpin_banderoza011-dt-2000Q95-200x300.jpg 200w, https:\/\/muzeumwsipolskiej.pl\/wp-content\/uploads\/2022\/06\/tyrpin_banderoza011-dt-2000Q95-768x1151.jpg 768w, https:\/\/muzeumwsipolskiej.pl\/wp-content\/uploads\/2022\/06\/tyrpin_banderoza011-dt-2000Q95-1025x1536.jpg 1025w, https:\/\/muzeumwsipolskiej.pl\/wp-content\/uploads\/2022\/06\/tyrpin_banderoza011-dt-2000Q95.jpg 1334w\" sizes=\"auto, (max-width: 683px) 100vw, 683px\" \/><\/a><\/figure>\n<\/div>\n\n\n\n<div class=\"wp-block-column editor:no-inserter ext-mb-0 ext--ml-base is-layout-flow wp-block-column-is-layout-flow\">\n<figure class=\"wp-block-image size-large editor:no-caption ext-mb-0\"><a href=\"https:\/\/muzeumwsipolskiej.pl\/wp-content\/uploads\/2022\/06\/tyrpin_banderoza049-dt-2000Q95.jpg\"><img loading=\"lazy\" decoding=\"async\" width=\"683\" height=\"1024\" src=\"https:\/\/muzeumwsipolskiej.pl\/wp-content\/uploads\/2022\/06\/tyrpin_banderoza049-dt-2000Q95-683x1024.jpg\" alt=\"\" class=\"wp-image-64\" srcset=\"https:\/\/muzeumwsipolskiej.pl\/wp-content\/uploads\/2022\/06\/tyrpin_banderoza049-dt-2000Q95-683x1024.jpg 683w, https:\/\/muzeumwsipolskiej.pl\/wp-content\/uploads\/2022\/06\/tyrpin_banderoza049-dt-2000Q95-200x300.jpg 200w, https:\/\/muzeumwsipolskiej.pl\/wp-content\/uploads\/2022\/06\/tyrpin_banderoza049-dt-2000Q95-768x1151.jpg 768w, https:\/\/muzeumwsipolskiej.pl\/wp-content\/uploads\/2022\/06\/tyrpin_banderoza049-dt-2000Q95-1025x1536.jpg 1025w, https:\/\/muzeumwsipolskiej.pl\/wp-content\/uploads\/2022\/06\/tyrpin_banderoza049-dt-2000Q95.jpg 1334w\" sizes=\"auto, (max-width: 683px) 100vw, 683px\" \/><\/a><\/figure>\n<\/div>\n<\/div>\n<\/div><\/div>\n\n\n\n<div class=\"wp-block-group alignfull ext ext-p-0 ext-my-0\"><div class=\"wp-block-group__inner-container is-layout-constrained wp-block-group-is-layout-constrained\">\n<div class=\"is-light is-style-default editor:no-inserter ext-p-base desktop:ext-p-lg wp-block-cover alignfull has-parallax has-custom-content-position is-position-top-left preview:min-h-80\" style=\"background-image:url(https:\/\/muzeumwsipolskiej.pl\/wp-content\/uploads\/2022\/06\/tyrpin_banderoza062-dt-2000Q95.jpg);min-height:80vh;aspect-ratio:unset;\"><span aria-hidden=\"true\" class=\"wp-block-cover__background has-black-background-color has-background-dim-60 has-background-dim\"><\/span><div class=\"wp-block-cover__inner-container is-layout-flow wp-block-cover-is-layout-flow\">\n<div class=\"wp-block-group editor:no-inserter\"><div class=\"wp-block-group__inner-container is-layout-constrained wp-block-group-is-layout-constrained\">\n<div class=\"wp-block-group editor:no-inserter ext-p-base\"><div class=\"wp-block-group__inner-container is-layout-flow wp-block-group-is-layout-flow\">\n<h2 class=\"alignwide has-text-align-left has-text-color has-ext-x-large-font-size ext-mt-0 wp-block-heading\" id=\"whatever-it-is-the-way-you-tell-your-story-online-can-make-all-the-difference\" style=\"color:#ffffff\">Zapraszamy<\/h2>\n\n\n\n<p class=\"has-white-color has-text-color has-large-font-size\">Czekamy na Ciebie!<\/p>\n\n\n\n<div class=\"wp-block-buttons ext-mb-0 ext-mt-base is-content-justification-left is-layout-flex wp-container-core-buttons-is-layout-fdcfc74e wp-block-buttons-is-layout-flex\">\n<div class=\"wp-block-button has-custom-width wp-block-button__width-50 is-style-fill\"><a class=\"wp-block-button__link has-gray-dark-color has-white-background-color has-text-color has-background\" href=\"https:\/\/muzeumwsipolskiej.pl\/index.php\/kontakt\/\" style=\"border-radius:100px\">Skontaktuj si\u0119 z nami<\/a><\/div>\n<\/div>\n<\/div><\/div>\n<\/div><\/div>\n<\/div><\/div>\n<\/div><\/div>\n","protected":false},"excerpt":{"rendered":"<p>MUZEUM WSI POLSKIEJ Ocali\u0107 od zapomnienia dla potomnych Witamy w miejscu, gdzie mo\u017cna przenie\u015b\u0107 si\u0119 w przesz\u0142o\u015b\u0107 do starej polskiej wsi. Wsi, w kt\u00f3rej t\u0119tni\u0142o \u017cycie. Poznaj zwyczaje tamtych czas\u00f3w, narz\u0119dzia codziennego u\u017cytku. Poznaj jak wygl\u0105da\u0142y w tamtych czasach takie dziedziny jak rzemie\u015blnictwo, kowalstwo, tkactwo, rymarstwo, ku\u015bnierstwo i wiele innych. Ka\u017cdy lud mo\u017ce \u017cy\u0107 i [&#8230;]<\/p>\n<p><a class=\"btn btn-secondary understrap-read-more-link\" href=\"https:\/\/muzeumwsipolskiej.pl\/\">Czytaj dalej\u2026<span class=\"screen-reader-text\"> from <\/span><\/a><\/p>\n","protected":false},"author":1,"featured_media":0,"parent":0,"menu_order":0,"comment_status":"closed","ping_status":"closed","template":"page-templates\/fullwidthpage.php","meta":{"footnotes":""},"class_list":["post-180","page","type-page","status-publish","hentry"],"_links":{"self":[{"href":"https:\/\/muzeumwsipolskiej.pl\/index.php\/wp-json\/wp\/v2\/pages\/180","targetHints":{"allow":["GET"]}}],"collection":[{"href":"https:\/\/muzeumwsipolskiej.pl\/index.php\/wp-json\/wp\/v2\/pages"}],"about":[{"href":"https:\/\/muzeumwsipolskiej.pl\/index.php\/wp-json\/wp\/v2\/types\/page"}],"author":[{"embeddable":true,"href":"https:\/\/muzeumwsipolskiej.pl\/index.php\/wp-json\/wp\/v2\/users\/1"}],"replies":[{"embeddable":true,"href":"https:\/\/muzeumwsipolskiej.pl\/index.php\/wp-json\/wp\/v2\/comments?post=180"}],"version-history":[{"count":8,"href":"https:\/\/muzeumwsipolskiej.pl\/index.php\/wp-json\/wp\/v2\/pages\/180\/revisions"}],"predecessor-version":[{"id":199,"href":"https:\/\/muzeumwsipolskiej.pl\/index.php\/wp-json\/wp\/v2\/pages\/180\/revisions\/199"}],"wp:attachment":[{"href":"https:\/\/muzeumwsipolskiej.pl\/index.php\/wp-json\/wp\/v2\/media?parent=180"}],"curies":[{"name":"wp","href":"https:\/\/api.w.org\/{rel}","templated":true}]}}