{"id":159,"date":"2022-06-07T00:58:17","date_gmt":"2022-06-06T22:58:17","guid":{"rendered":"https:\/\/muzeumwsipolskiej.pl\/?page_id=159"},"modified":"2022-06-07T01:48:48","modified_gmt":"2022-06-06T23:48:48","slug":"o-muzeum","status":"publish","type":"page","link":"https:\/\/muzeumwsipolskiej.pl\/index.php\/o-muzeum\/","title":{"rendered":"O muzeum"},"content":{"rendered":"\n<div class=\"wp-block-group alignfull ext editor:no-inserter has-background ext-my-0 ext-py-lg\"><div class=\"wp-block-group__inner-container is-layout-constrained wp-block-group-is-layout-constrained\">\n<div class=\"wp-block-columns alignwide bring-to-front editor:no-inserter tablet:fullwidth-cols ext--mb-base desktop:ext--mb-lg is-layout-flex wp-container-core-columns-is-layout-9d6595d7 wp-block-columns-is-layout-flex\">\n<div class=\"wp-block-column editor:no-inserter editor:pointer-events-none ext-m-0 is-layout-flow wp-block-column-is-layout-flow\" style=\"flex-basis:10%\"><\/div>\n\n\n\n<div class=\"wp-block-column m-0 px-base desktop:px-0 ext-m-0 is-layout-flow wp-block-column-is-layout-flow\" style=\"flex-basis:70%\">\n<h2 class=\"has-text-align-center ext-mt-0 has-gray-dark-color has-text-color has-ext-xx-large-font-size wp-block-heading\" id=\"designing-a-beautiful-website\"><\/h2>\n<\/div>\n\n\n\n<div class=\"wp-block-column editor:no-inserter editor:pointer-events-none ext-m-0 is-layout-flow wp-block-column-is-layout-flow\" style=\"flex-basis:10%\"><\/div>\n<\/div>\n\n\n\n<div class=\"wp-block-columns alignwide editor:no-inserter tablet:fullwidth-cols ext-mt-0 is-layout-flex wp-container-core-columns-is-layout-9d6595d7 wp-block-columns-is-layout-flex\">\n<div class=\"wp-block-column editor:no-inserter ext-my-0 is-layout-flow wp-block-column-is-layout-flow\" style=\"flex-basis:66.66%\">\n<figure class=\"wp-block-image size-large editor:no-caption ext-mb-0\"><img loading=\"lazy\" decoding=\"async\" width=\"682\" height=\"1024\" src=\"https:\/\/muzeumwsipolskiej.pl\/wp-content\/uploads\/2022\/06\/tyrpin_banderoza109-dt-2000Q95-682x1024.jpg\" alt=\"\" class=\"wp-image-125\" srcset=\"https:\/\/muzeumwsipolskiej.pl\/wp-content\/uploads\/2022\/06\/tyrpin_banderoza109-dt-2000Q95-682x1024.jpg 682w, https:\/\/muzeumwsipolskiej.pl\/wp-content\/uploads\/2022\/06\/tyrpin_banderoza109-dt-2000Q95-200x300.jpg 200w, https:\/\/muzeumwsipolskiej.pl\/wp-content\/uploads\/2022\/06\/tyrpin_banderoza109-dt-2000Q95-768x1152.jpg 768w, https:\/\/muzeumwsipolskiej.pl\/wp-content\/uploads\/2022\/06\/tyrpin_banderoza109-dt-2000Q95-1024x1536.jpg 1024w, https:\/\/muzeumwsipolskiej.pl\/wp-content\/uploads\/2022\/06\/tyrpin_banderoza109-dt-2000Q95.jpg 1333w\" sizes=\"auto, (max-width: 682px) 100vw, 682px\" \/><\/figure>\n<\/div>\n\n\n\n<div class=\"wp-block-column is-vertically-aligned-center ext-mt-lg ext-ml-0 tablet:ext-ml-base tablet:ext-mt-0 is-layout-flow wp-block-column-is-layout-flow\" style=\"flex-basis:33.33%\">\n<h3 class=\"ext-mt-0 has-ext-large-font-size ext-mb-0 wp-block-heading\" id=\"a-small-heading\">Ocali\u0107 od zapomnienia<\/h3>\n\n\n\n<p class=\"has-text-align-left has-medium-font-size ext-mt-base ext-mb-0\">Muzeum powsta\u0142o w oparciu o zgromadzone przedmioty i obiekty z terenu wsi podkarpackich w 2010 r. Powierzchnia to nieca\u0142y hektar, na kt\u00f3rym zbudowano liczne wiaty do zabezpieczenia eksponat\u00f3w przed niekorzystnym dzia\u0142aniem warunk\u00f3w atmosferycznych. Przewodnie motto muzeum to <em>\u201eOcali\u0107 od zapomnienia\u201d<\/em> zabytki, kt\u00f3re znikaj\u0105 bezpowrotnie poprzez z\u0105b czasu czy bezmy\u015bln\u0105 ludzk\u0105 niszczycielsk\u0105 si\u0142\u0119.<\/p>\n\n\n\n<div class=\"wp-block-buttons ext-mt-base is-layout-flex wp-block-buttons-is-layout-flex\"><\/div>\n<\/div>\n<\/div>\n<\/div><\/div>\n\n\n\n<hr class=\"wp-block-separator has-alpha-channel-opacity is-style-wide\"\/>\n\n\n\n<div class=\"wp-block-group alignfull ext editor:no-inserter ext-my-0 ext-py-lg\"><div class=\"wp-block-group__inner-container is-layout-constrained wp-block-group-is-layout-constrained\">\n<div class=\"wp-block-columns alignwide are-vertically-aligned-center tablet:fullwidth-cols ext-my-0 is-layout-flex wp-container-core-columns-is-layout-9d6595d7 wp-block-columns-is-layout-flex\">\n<div class=\"wp-block-column is-vertically-aligned-center editor:no-caption editor:no-inserter direction-rtl ext-grid ext-relative ext-items-center ext-row-gap-base ext-grid-cols-10 ext-grid-rows-2 ext-direction-rtl ext-mb-base tablet:ext-mb-0 tablet:ext-pr-base is-layout-flow wp-block-column-is-layout-flow\">\n<figure class=\"wp-block-image size-large ext-m-0 ext-p-0 ext-col-start-1 ext-col-end-7 ext-row-start-1 ext-row-end-1\"><a href=\"https:\/\/muzeumwsipolskiej.pl\/wp-content\/uploads\/2022\/06\/tyrpin_banderoza122-dt-2000Q95.jpg\"><img loading=\"lazy\" decoding=\"async\" width=\"1024\" height=\"682\" src=\"https:\/\/muzeumwsipolskiej.pl\/wp-content\/uploads\/2022\/06\/tyrpin_banderoza122-dt-2000Q95-1024x682.jpg\" alt=\"\" class=\"wp-image-138\" srcset=\"https:\/\/muzeumwsipolskiej.pl\/wp-content\/uploads\/2022\/06\/tyrpin_banderoza122-dt-2000Q95-1024x682.jpg 1024w, https:\/\/muzeumwsipolskiej.pl\/wp-content\/uploads\/2022\/06\/tyrpin_banderoza122-dt-2000Q95-300x200.jpg 300w, https:\/\/muzeumwsipolskiej.pl\/wp-content\/uploads\/2022\/06\/tyrpin_banderoza122-dt-2000Q95-768x512.jpg 768w, https:\/\/muzeumwsipolskiej.pl\/wp-content\/uploads\/2022\/06\/tyrpin_banderoza122-dt-2000Q95-1536x1024.jpg 1536w, https:\/\/muzeumwsipolskiej.pl\/wp-content\/uploads\/2022\/06\/tyrpin_banderoza122-dt-2000Q95.jpg 2000w\" sizes=\"auto, (max-width: 1024px) 100vw, 1024px\" \/><\/a><\/figure>\n\n\n\n<figure class=\"wp-block-image size-large ext-p-0 ext-m-0 ext-col-start-5 ext-col-end-11 ext-row-start-1 ext-row-end-3\"><a href=\"https:\/\/muzeumwsipolskiej.pl\/wp-content\/uploads\/2022\/06\/tyrpin_banderoza047-dt-2000Q95.jpg\"><img loading=\"lazy\" decoding=\"async\" width=\"1024\" height=\"683\" src=\"https:\/\/muzeumwsipolskiej.pl\/wp-content\/uploads\/2022\/06\/tyrpin_banderoza047-dt-2000Q95-1024x683.jpg\" alt=\"\" class=\"wp-image-62\" srcset=\"https:\/\/muzeumwsipolskiej.pl\/wp-content\/uploads\/2022\/06\/tyrpin_banderoza047-dt-2000Q95-1024x683.jpg 1024w, https:\/\/muzeumwsipolskiej.pl\/wp-content\/uploads\/2022\/06\/tyrpin_banderoza047-dt-2000Q95-300x200.jpg 300w, https:\/\/muzeumwsipolskiej.pl\/wp-content\/uploads\/2022\/06\/tyrpin_banderoza047-dt-2000Q95-768x512.jpg 768w, https:\/\/muzeumwsipolskiej.pl\/wp-content\/uploads\/2022\/06\/tyrpin_banderoza047-dt-2000Q95-1536x1025.jpg 1536w, https:\/\/muzeumwsipolskiej.pl\/wp-content\/uploads\/2022\/06\/tyrpin_banderoza047-dt-2000Q95.jpg 2000w\" sizes=\"auto, (max-width: 1024px) 100vw, 1024px\" \/><\/a><\/figure>\n\n\n\n<figure class=\"wp-block-image size-large ext-m-0 ext-p-0 ext-self-end ext-col-start-2 ext-col-end-8 ext-row-start-2 ext-row-end-4\"><a href=\"https:\/\/muzeumwsipolskiej.pl\/wp-content\/uploads\/2022\/06\/tyrpin_banderoza072-dt-2000Q95.jpg\"><img loading=\"lazy\" decoding=\"async\" width=\"1024\" height=\"683\" src=\"https:\/\/muzeumwsipolskiej.pl\/wp-content\/uploads\/2022\/06\/tyrpin_banderoza072-dt-2000Q95-1024x683.jpg\" alt=\"\" class=\"wp-image-88\" srcset=\"https:\/\/muzeumwsipolskiej.pl\/wp-content\/uploads\/2022\/06\/tyrpin_banderoza072-dt-2000Q95-1024x683.jpg 1024w, https:\/\/muzeumwsipolskiej.pl\/wp-content\/uploads\/2022\/06\/tyrpin_banderoza072-dt-2000Q95-300x200.jpg 300w, https:\/\/muzeumwsipolskiej.pl\/wp-content\/uploads\/2022\/06\/tyrpin_banderoza072-dt-2000Q95-768x512.jpg 768w, https:\/\/muzeumwsipolskiej.pl\/wp-content\/uploads\/2022\/06\/tyrpin_banderoza072-dt-2000Q95-1536x1025.jpg 1536w, https:\/\/muzeumwsipolskiej.pl\/wp-content\/uploads\/2022\/06\/tyrpin_banderoza072-dt-2000Q95.jpg 2000w\" sizes=\"auto, (max-width: 1024px) 100vw, 1024px\" \/><\/a><\/figure>\n<\/div>\n\n\n\n<div class=\"wp-block-column is-vertically-aligned-center editor:no-inserter ext-mb-base ext-mt-base tablet:ext-mt-base tablet:ext-mb-0 is-layout-flow wp-block-column-is-layout-flow\">\n<h2 class=\"ext-mt-0 ext-mb-base has-ext-large-font-size wp-block-heading\" id=\"a-small-heading\">Per\u0142y muzeum<\/h2>\n\n\n\n<p class=\"ext-mt-0 has-medium-font-size\">Na terenie muzeum zebrane s\u0105 zbiory narz\u0119dzi, maszyn i urz\u0105dze\u0144, kt\u00f3rych si\u0142\u0105 nap\u0119dow\u0105 by\u0142y mi\u0119\u015bnie ludzkie, b\u0105d\u017a zwierz\u0119ce. Per\u0142\u0105 muzeum jest wiatrak m\u0142y\u0144ski <em>\u201eKo\u017alak\u201d<\/em> z 1902 r. kt\u00f3ry zosta\u0142 przeniesiony z Wielkopolski i odrestaurowany przywracaj\u0105c mu funkcje mielenia zbo\u017ca. Innym wspania\u0142ym obiektem jest ku\u017ania wiejska z pe\u0142nym wyposa\u017ceniem z okresu sprzed pierwszej wojny \u015bwiatowej. Zgromadzone zbiory obejmuj\u0105 przedmioty z r\u00f3\u017cnych dziedzin rzemie\u015blniczych i rolniczych jak np. \u015blusarstwo, kowalstwo, ciesielstwo, ku\u015bnierstwo, tkactwo, rymarstwo wiejskie wyroby domowe i gospodarcze.<\/p>\n\n\n\n<div class=\"wp-block-buttons is-layout-flex wp-block-buttons-is-layout-flex\"><\/div>\n<\/div>\n<\/div>\n<\/div><\/div>\n\n\n\n<div class=\"wp-block-group alignfull ext ext-p-0 ext-my-0\"><div class=\"wp-block-group__inner-container is-layout-constrained wp-block-group-is-layout-constrained\">\n<div class=\"is-light is-style-default editor:no-inserter ext-p-base desktop:ext-p-lg wp-block-cover alignfull has-parallax has-custom-content-position is-position-top-left preview:min-h-80\" style=\"background-image:url(https:\/\/muzeumwsipolskiej.pl\/wp-content\/uploads\/2022\/06\/tyrpin_banderoza079-dt-2000Q95.jpg);min-height:80vh;aspect-ratio:unset;\"><span aria-hidden=\"true\" class=\"wp-block-cover__background has-black-background-color has-background-dim-60 has-background-dim\"><\/span><div class=\"wp-block-cover__inner-container is-layout-flow wp-block-cover-is-layout-flow\">\n<div class=\"wp-block-group editor:no-inserter\"><div class=\"wp-block-group__inner-container is-layout-constrained wp-block-group-is-layout-constrained\">\n<div class=\"wp-block-group editor:no-inserter ext-p-base\"><div class=\"wp-block-group__inner-container is-layout-flow wp-block-group-is-layout-flow\">\n<h2 class=\"alignwide has-text-align-left has-text-color has-ext-x-large-font-size ext-mt-0 wp-block-heading\" id=\"whatever-it-is-the-way-you-tell-your-story-online-can-make-all-the-difference\" style=\"color:#ffffff\">Miejsce spotka\u0144<\/h2>\n\n\n\n<h2 class=\"has-text-color has-ext-large-font-size ext-mt-base ext-mb-0 wp-block-heading\" id=\"vestibulum-id-ligula-porta-felis-euismod-semper-nullam-quis-risus-eget-urna-mollis-ornare-velo\" style=\"color:#ffffff;font-style:normal;font-weight:300\">W parku etnograficznym odbywaj\u0105 si\u0119 spotkania integracyjne pracownik\u00f3w firmy Tabor D\u0119bica sp. z o.o. i przyje\u017cd\u017caj\u0105cych go\u015bci.&nbsp; Muzeum jest ch\u0119tnie odwiedzane przez m\u0142odych ludzi, kt\u00f3rzy planuj\u0105 ogniska klasowe, jak i robi\u0105 sesje zdj\u0119ciowe. W miesi\u0105cu maju przy Grocie Naj\u015bwi\u0119tszej Maryi Panny odprawiane s\u0105 nabo\u017ce\u0144stwa majowe.<\/h2>\n<\/div><\/div>\n<\/div><\/div>\n<\/div><\/div>\n<\/div><\/div>\n\n\n\n<div class=\"wp-block-group alignfull ext editor:no-inserter ext-p-lg\"><div class=\"wp-block-group__inner-container is-layout-constrained wp-block-group-is-layout-constrained\">\n<div class=\"wp-block-columns alignwide is-not-stacked-on-mobile editor:no-inserter ext-flex ext-flex-nowrap ext-mt-0 ext-mb-0 is-layout-flex wp-container-core-columns-is-layout-9d6595d7 wp-block-columns-is-layout-flex\">\n<div class=\"wp-block-column is-vertically-aligned-bottom editor:no-inserter is-layout-flow wp-block-column-is-layout-flow\">\n<figure class=\"wp-block-image size-large editor:no-caption ext-mb-0 ext-mt-lg\"><a href=\"https:\/\/muzeumwsipolskiej.pl\/wp-content\/uploads\/2022\/06\/tyrpin_banderoza106-dt-2000Q95.jpg\"><img loading=\"lazy\" decoding=\"async\" width=\"683\" height=\"1024\" src=\"https:\/\/muzeumwsipolskiej.pl\/wp-content\/uploads\/2022\/06\/tyrpin_banderoza106-dt-2000Q95-683x1024.jpg\" alt=\"\" class=\"wp-image-122\" srcset=\"https:\/\/muzeumwsipolskiej.pl\/wp-content\/uploads\/2022\/06\/tyrpin_banderoza106-dt-2000Q95-683x1024.jpg 683w, https:\/\/muzeumwsipolskiej.pl\/wp-content\/uploads\/2022\/06\/tyrpin_banderoza106-dt-2000Q95-200x300.jpg 200w, https:\/\/muzeumwsipolskiej.pl\/wp-content\/uploads\/2022\/06\/tyrpin_banderoza106-dt-2000Q95-768x1151.jpg 768w, https:\/\/muzeumwsipolskiej.pl\/wp-content\/uploads\/2022\/06\/tyrpin_banderoza106-dt-2000Q95-1025x1536.jpg 1025w, https:\/\/muzeumwsipolskiej.pl\/wp-content\/uploads\/2022\/06\/tyrpin_banderoza106-dt-2000Q95.jpg 1334w\" sizes=\"auto, (max-width: 683px) 100vw, 683px\" \/><\/a><\/figure>\n<\/div>\n\n\n\n<div class=\"wp-block-column is-vertically-aligned-center editor:no-inserter ext--ml-base is-layout-flow wp-block-column-is-layout-flow\">\n<figure class=\"wp-block-image size-large editor:no-caption ext-mb-0\"><a href=\"https:\/\/muzeumwsipolskiej.pl\/wp-content\/uploads\/2022\/06\/tyrpin_banderoza059-dt-2000Q95.jpg\"><img loading=\"lazy\" decoding=\"async\" width=\"683\" height=\"1024\" src=\"https:\/\/muzeumwsipolskiej.pl\/wp-content\/uploads\/2022\/06\/tyrpin_banderoza059-dt-2000Q95-683x1024.jpg\" alt=\"\" class=\"wp-image-74\" srcset=\"https:\/\/muzeumwsipolskiej.pl\/wp-content\/uploads\/2022\/06\/tyrpin_banderoza059-dt-2000Q95-683x1024.jpg 683w, https:\/\/muzeumwsipolskiej.pl\/wp-content\/uploads\/2022\/06\/tyrpin_banderoza059-dt-2000Q95-200x300.jpg 200w, https:\/\/muzeumwsipolskiej.pl\/wp-content\/uploads\/2022\/06\/tyrpin_banderoza059-dt-2000Q95-768x1151.jpg 768w, https:\/\/muzeumwsipolskiej.pl\/wp-content\/uploads\/2022\/06\/tyrpin_banderoza059-dt-2000Q95-1025x1536.jpg 1025w, https:\/\/muzeumwsipolskiej.pl\/wp-content\/uploads\/2022\/06\/tyrpin_banderoza059-dt-2000Q95.jpg 1334w\" sizes=\"auto, (max-width: 683px) 100vw, 683px\" \/><\/a><\/figure>\n<\/div>\n\n\n\n<div class=\"wp-block-column editor:no-inserter ext-mb-0 ext--ml-base is-layout-flow wp-block-column-is-layout-flow\">\n<figure class=\"wp-block-image size-large editor:no-caption ext-mb-0\"><a href=\"https:\/\/muzeumwsipolskiej.pl\/wp-content\/uploads\/2022\/06\/tyrpin_banderoza084-dt-2000Q95.jpg\"><img loading=\"lazy\" decoding=\"async\" width=\"683\" height=\"1024\" src=\"https:\/\/muzeumwsipolskiej.pl\/wp-content\/uploads\/2022\/06\/tyrpin_banderoza084-dt-2000Q95-683x1024.jpg\" alt=\"\" class=\"wp-image-100\" srcset=\"https:\/\/muzeumwsipolskiej.pl\/wp-content\/uploads\/2022\/06\/tyrpin_banderoza084-dt-2000Q95-683x1024.jpg 683w, https:\/\/muzeumwsipolskiej.pl\/wp-content\/uploads\/2022\/06\/tyrpin_banderoza084-dt-2000Q95-200x300.jpg 200w, https:\/\/muzeumwsipolskiej.pl\/wp-content\/uploads\/2022\/06\/tyrpin_banderoza084-dt-2000Q95-768x1151.jpg 768w, https:\/\/muzeumwsipolskiej.pl\/wp-content\/uploads\/2022\/06\/tyrpin_banderoza084-dt-2000Q95-1025x1536.jpg 1025w, https:\/\/muzeumwsipolskiej.pl\/wp-content\/uploads\/2022\/06\/tyrpin_banderoza084-dt-2000Q95.jpg 1334w\" sizes=\"auto, (max-width: 683px) 100vw, 683px\" \/><\/a><\/figure>\n<\/div>\n<\/div>\n<\/div><\/div>\n\n\n\n<div class=\"wp-block-group alignfull ext ext-p-0 ext-my-0\"><div class=\"wp-block-group__inner-container is-layout-constrained wp-block-group-is-layout-constrained\">\n<div class=\"is-light is-style-default editor:no-inserter ext-p-base desktop:ext-p-lg wp-block-cover alignfull has-parallax has-custom-content-position is-position-top-left preview:min-h-80\" style=\"background-image:url(https:\/\/muzeumwsipolskiej.pl\/wp-content\/uploads\/2022\/06\/tyrpin_banderoza107-dt-2000Q95.jpg);min-height:80vh;aspect-ratio:unset;\"><span aria-hidden=\"true\" class=\"wp-block-cover__background has-black-background-color has-background-dim-60 has-background-dim\"><\/span><div class=\"wp-block-cover__inner-container is-layout-flow wp-block-cover-is-layout-flow\">\n<div class=\"wp-block-group editor:no-inserter\"><div class=\"wp-block-group__inner-container is-layout-constrained wp-block-group-is-layout-constrained\">\n<div class=\"wp-block-group editor:no-inserter ext-p-base\"><div class=\"wp-block-group__inner-container is-layout-flow wp-block-group-is-layout-flow\">\n<h2 class=\"alignwide has-text-align-left has-text-color has-ext-x-large-font-size ext-mt-0 wp-block-heading\" id=\"whatever-it-is-the-way-you-tell-your-story-online-can-make-all-the-difference\" style=\"color:#ffffff\">Zapraszamy<\/h2>\n\n\n\n<h2 class=\"has-text-color has-ext-large-font-size ext-mt-base ext-mb-0 wp-block-heading\" id=\"vestibulum-id-ligula-porta-felis-euismod-semper-nullam-quis-risus-eget-urna-mollis-ornare-velo\" style=\"color:#ffffff;font-style:normal;font-weight:300\">Je\u015bli chcesz si\u0119 przenie\u015b\u0107 do przesz\u0142o\u015bci, wejd\u017a, ogl\u0105dnij zbiory, a mo\u017ce co\u015b nam podpowiesz, przyniesiesz rodzinn\u0105 pami\u0105tk\u0119, kt\u00f3r\u0105 chcesz ocali\u0107 od zapomnienia. Muzeum udost\u0119pniamy ka\u017cdemu, kto chce pozna\u0107 jak \u017cyli i pracowali nasi dziadowie. Zwiedzanie jest bezp\u0142atne.<\/h2>\n\n\n\n<p class=\"has-text-align-right has-white-color has-text-color\" style=\"letter-spacing:5px\">&#8211; <strong>Stanis\u0142awa i Marian Dybowscy<\/strong>&#8211; <\/p>\n\n\n\n<div class=\"wp-block-buttons ext-mb-0 ext-mt-base is-content-justification-left is-layout-flex wp-container-core-buttons-is-layout-fdcfc74e wp-block-buttons-is-layout-flex\">\n<div class=\"wp-block-button has-custom-width wp-block-button__width-25 has-custom-font-size is-style-outline has-medium-font-size is-style-outline--1\"><a class=\"wp-block-button__link has-black-color has-white-background-color has-text-color has-background\" href=\"https:\/\/muzeumwsipolskiej.pl\/index.php\/kontakt\/\" style=\"border-radius:0px\">Kontakt<\/a><\/div>\n<\/div>\n<\/div><\/div>\n<\/div><\/div>\n<\/div><\/div>\n<\/div><\/div>\n","protected":false},"excerpt":{"rendered":"<p>Ocali\u0107 od zapomnienia Muzeum powsta\u0142o w oparciu o zgromadzone przedmioty i obiekty z terenu wsi podkarpackich w 2010 r. Powierzchnia to nieca\u0142y hektar, na kt\u00f3rym zbudowano liczne wiaty do zabezpieczenia eksponat\u00f3w przed niekorzystnym dzia\u0142aniem warunk\u00f3w atmosferycznych. Przewodnie motto muzeum to \u201eOcali\u0107 od zapomnienia\u201d zabytki, kt\u00f3re znikaj\u0105 bezpowrotnie poprzez z\u0105b czasu czy bezmy\u015bln\u0105 ludzk\u0105 niszczycielsk\u0105 si\u0142\u0119. [&#8230;]<\/p>\n<p><a class=\"btn btn-secondary understrap-read-more-link\" href=\"https:\/\/muzeumwsipolskiej.pl\/index.php\/o-muzeum\/\">Czytaj dalej\u2026<span class=\"screen-reader-text\"> from O muzeum<\/span><\/a><\/p>\n","protected":false},"author":1,"featured_media":0,"parent":0,"menu_order":0,"comment_status":"closed","ping_status":"closed","template":"page-templates\/fullwidthpage.php","meta":{"footnotes":""},"class_list":["post-159","page","type-page","status-publish","hentry"],"_links":{"self":[{"href":"https:\/\/muzeumwsipolskiej.pl\/index.php\/wp-json\/wp\/v2\/pages\/159","targetHints":{"allow":["GET"]}}],"collection":[{"href":"https:\/\/muzeumwsipolskiej.pl\/index.php\/wp-json\/wp\/v2\/pages"}],"about":[{"href":"https:\/\/muzeumwsipolskiej.pl\/index.php\/wp-json\/wp\/v2\/types\/page"}],"author":[{"embeddable":true,"href":"https:\/\/muzeumwsipolskiej.pl\/index.php\/wp-json\/wp\/v2\/users\/1"}],"replies":[{"embeddable":true,"href":"https:\/\/muzeumwsipolskiej.pl\/index.php\/wp-json\/wp\/v2\/comments?post=159"}],"version-history":[{"count":14,"href":"https:\/\/muzeumwsipolskiej.pl\/index.php\/wp-json\/wp\/v2\/pages\/159\/revisions"}],"predecessor-version":[{"id":179,"href":"https:\/\/muzeumwsipolskiej.pl\/index.php\/wp-json\/wp\/v2\/pages\/159\/revisions\/179"}],"wp:attachment":[{"href":"https:\/\/muzeumwsipolskiej.pl\/index.php\/wp-json\/wp\/v2\/media?parent=159"}],"curies":[{"name":"wp","href":"https:\/\/api.w.org\/{rel}","templated":true}]}}